{"id":5492,"date":"2024-05-05T23:25:42","date_gmt":"2024-05-05T23:25:42","guid":{"rendered":"https:\/\/bestmoroccotravel.com\/?page_id=5492"},"modified":"2024-09-21T14:35:49","modified_gmt":"2024-09-21T14:35:49","slug":"terminos-y-condiciones","status":"publish","type":"page","link":"https:\/\/bestmoroccotravel.com\/es\/terminos-y-condiciones\/","title":{"rendered":"T\u00e9rminos y Condiciones"},"content":{"rendered":"\t\t<div data-elementor-type=\"wp-page\" data-elementor-id=\"5492\" class=\"elementor elementor-5492\" data-elementor-post-type=\"page\">\n\t\t\t\t<div class=\"elementor-element elementor-element-f10c30c e-con-full e-flex e-con e-parent\" data-id=\"f10c30c\" data-element_type=\"container\" data-e-type=\"container\">\n\t\t<div class=\"elementor-element elementor-element-b75cc3b e-con-full e-flex e-con e-child\" data-id=\"b75cc3b\" data-element_type=\"container\" data-e-type=\"container\" data-settings=\"{&quot;background_background&quot;:&quot;classic&quot;}\">\n\t\t<div class=\"elementor-element elementor-element-d9390e9 e-flex e-con-boxed e-con e-child\" data-id=\"d9390e9\" data-element_type=\"container\" data-e-type=\"container\">\n\t\t\t\t\t<div class=\"e-con-inner\">\n\t\t\t\t<div class=\"elementor-element elementor-element-3550e0b elementor-widget elementor-widget-shortcode\" data-id=\"3550e0b\" data-element_type=\"widget\" data-e-type=\"widget\" data-widget_type=\"shortcode.default\">\n\t\t\t\t<div class=\"elementor-widget-container\">\n\t\t\t\t\t\t\t<div class=\"elementor-shortcode\"><\/div>\n\t\t\t\t\t\t<\/div>\n\t\t\t\t<\/div>\n\t\t\t\t<div class=\"elementor-element elementor-element-4e2a914 elementor-widget__width-initial elementor-widget-tablet__width-inherit elementor-widget elementor-widget-heading\" data-id=\"4e2a914\" data-element_type=\"widget\" data-e-type=\"widget\" data-widget_type=\"heading.default\">\n\t\t\t\t<div class=\"elementor-widget-container\">\n\t\t\t\t\t<h1 class=\"elementor-heading-title elementor-size-default\">T\u00e9rminos y Condiciones<\/h1>\t\t\t\t<\/div>\n\t\t\t\t<\/div>\n\t\t\t\t\t<\/div>\n\t\t\t\t<\/div>\n\t\t\t\t<\/div>\n\t\t\t\t<\/div>\n\t\t<div class=\"elementor-element elementor-element-6eb8598 e-flex e-con-boxed e-con e-parent\" data-id=\"6eb8598\" data-element_type=\"container\" data-e-type=\"container\">\n\t\t\t\t\t<div class=\"e-con-inner\">\n\t\t\t\t<div class=\"elementor-element elementor-element-4109717 elementor-widget elementor-widget-text-editor\" data-id=\"4109717\" data-element_type=\"widget\" data-e-type=\"widget\" data-widget_type=\"text-editor.default\">\n\t\t\t\t<div class=\"elementor-widget-container\">\n\t\t\t\t\t\t\t\t\t<h2>Derechos de autor <i>y <\/i>derechos de propiedad intelectual T\u00e9rminos y condiciones Best Morocco Travel<\/h2><p>Los derechos de autor del material de este sitio web pertenecen a bestmoroccotravel.com. Debido a que su acceso a nuestro sitio web no implica el escrito previo de Best Morocco Travel.<\/p><p>Todos los derechos de propiedad intelectual est\u00e1n reservados. No puede modificar, copiar, distribuir, transmitir, mostrar, realizar, reproducir, publicar, licenciar y crear trabajos derivados de, transferir o vender ninguna informaci\u00f3n de este sitio web.<\/p><p>Solo puede descargar contenido a su propio ordenador personal con fines de visualizaci\u00f3n e imprimir p\u00e1ginas de este sitio web para su propio uso personal. Tambi\u00e9n estamos muy agradecidos a los colaboradores por el permiso para usar sus im\u00e1genes.<\/p><h3>Reservas de tours con Best Morocco Travel condiciones<\/h3><p>Reservar un tour con Best Morocco Travel implica aceptar estas condiciones en su nombre y en el de todas las dem\u00e1s personas que utilizan el servicio.<\/p><p><strong>Proceso de reserva de tours<\/strong><\/p><p><a href=\"https:\/\/bestmoroccotravel.com\/contact\/\">Para reservar <\/a>y confirmar su recorrido con la agencia Best Morocco Travel, requerimos un dep\u00f3sito del 20% del precio total del viaje a trav\u00e9s de PayPal, Western Union, MoneyGram o transferencia bancaria.<\/p><p>Despu\u00e9s de enviar su viaje deseado, recibir\u00e1 un enlace para pagar el dep\u00f3sito. En cuanto al saldo restante, puede pagarlo a su llegada a Marruecos: efectivo en euros, d\u00f3lares estadounidenses o tarjeta de cr\u00e9dito en dirhams marroqu\u00edes (+3% de tarifas). Tambi\u00e9n puede pagar el resto de la cantidad mediante transferencia bancaria o PayPal con una tarifa del +5%.<\/p><h4>Pol\u00edtica de cancelaci\u00f3n de tours<\/h4><p>Por favor, notif\u00edquenos, por escrito, lo antes posible si necesita cancelar sus arreglos de viaje. El cargo por cancelaci\u00f3n depende del n\u00famero de d\u00edas entre la recepci\u00f3n de su fecha de inicio por escrito de <a href=\"https:\/\/bestmoroccotravel.com\/morocco-private-tours\/\">su viaje<\/a>:<\/p><ul><li><strong>Cancelaci\u00f3n con 30 d\u00edas o m\u00e1s de antelaci\u00f3n<\/strong>: AL, solo se paga el dep\u00f3sito.<\/li><li><strong>Cancelaci\u00f3n con menos de 30 d\u00edas de antelaci\u00f3n<\/strong>: Entonces no se paga ning\u00fan reembolso<\/li><\/ul>\t\t\t\t\t\t\t\t<\/div>\n\t\t\t\t<\/div>\n\t\t\t\t\t<\/div>\n\t\t\t\t<\/div>\n\t\t\t\t<\/div>\n\t\t","protected":false},"excerpt":{"rendered":"<p>T\u00e9rminos y Condiciones Derechos de autor y derechos de propiedad intelectual T\u00e9rminos y condiciones Best Morocco Travel Los derechos de autor del material de este sitio web pertenecen a bestmoroccotravel.com. Debido a que su acceso a nuestro sitio web no implica el escrito previo de Best Morocco Travel. Todos los derechos de propiedad intelectual est\u00e1n [&hellip;]<\/p>\n","protected":false},"author":1,"featured_media":5392,"parent":0,"menu_order":0,"comment_status":"closed","ping_status":"closed","template":"elementor_header_footer","meta":{"footnotes":""},"class_list":["post-5492","page","type-page","status-publish","has-post-thumbnail","hentry"],"blocksy_meta":[],"yoast_head":"<!-- This site is optimized with the Yoast SEO plugin v27.4 - https:\/\/yoast.com\/product\/yoast-seo-wordpress\/ -->\n<title>T\u00e9rminos y Condiciones<\/title>\n<meta name=\"description\" content=\"Read our Terms &amp; Conditions Best Morocco Travel to understand the guidelines and policies governing the use of our services.\" \/>\n<meta name=\"robots\" content=\"index, follow, max-snippet:-1, max-image-preview:large, max-video-preview:-1\" \/>\n<link rel=\"canonical\" href=\"https:\/\/bestmoroccotravel.com\/es\/terminos-y-condiciones\/\" \/>\n<meta property=\"og:locale\" content=\"en_US\" \/>\n<meta property=\"og:type\" content=\"article\" \/>\n<meta property=\"og:title\" content=\"T\u00e9rminos y Condiciones\" \/>\n<meta property=\"og:description\" content=\"Read our Terms &amp; Conditions Best Morocco Travel to understand the guidelines and policies governing the use of our services.\" \/>\n<meta property=\"og:url\" content=\"https:\/\/bestmoroccotravel.com\/es\/terminos-y-condiciones\/\" \/>\n<meta property=\"og:site_name\" content=\"Best Morocco Travel\" \/>\n<meta property=\"article:modified_time\" content=\"2024-09-21T14:35:49+00:00\" \/>\n<meta property=\"og:image\" content=\"https:\/\/bestmoroccotravel.com\/es\/wp-content\/uploads\/2024\/05\/IMG_2659-scaled.jpg\" \/>\n\t<meta property=\"og:image:width\" content=\"2560\" \/>\n\t<meta property=\"og:image:height\" content=\"1920\" \/>\n\t<meta property=\"og:image:type\" content=\"image\/jpeg\" \/>\n<meta name=\"twitter:card\" content=\"summary_large_image\" \/>\n<meta name=\"twitter:label1\" content=\"Est. reading time\" \/>\n\t<meta name=\"twitter:data1\" content=\"2 minutes\" \/>\n<script type=\"application\/ld+json\" class=\"yoast-schema-graph\">{\"@context\":\"https:\\\/\\\/schema.org\",\"@graph\":[{\"@type\":\"WebPage\",\"@id\":\"https:\\\/\\\/bestmoroccotravel.com\\\/es\\\/terminos-y-condiciones\\\/\",\"url\":\"https:\\\/\\\/bestmoroccotravel.com\\\/es\\\/terminos-y-condiciones\\\/\",\"name\":\"T\u00e9rminos y Condiciones\",\"isPartOf\":{\"@id\":\"https:\\\/\\\/bestmoroccotravel.com\\\/es\\\/#website\"},\"primaryImageOfPage\":{\"@id\":\"https:\\\/\\\/bestmoroccotravel.com\\\/es\\\/terminos-y-condiciones\\\/#primaryimage\"},\"image\":{\"@id\":\"https:\\\/\\\/bestmoroccotravel.com\\\/es\\\/terminos-y-condiciones\\\/#primaryimage\"},\"thumbnailUrl\":\"https:\\\/\\\/bestmoroccotravel.com\\\/es\\\/wp-content\\\/uploads\\\/2024\\\/05\\\/IMG_2659-scaled.jpg\",\"datePublished\":\"2024-05-05T23:25:42+00:00\",\"dateModified\":\"2024-09-21T14:35:49+00:00\",\"description\":\"Read our Terms & Conditions Best Morocco Travel to understand the guidelines and policies governing the use of our services.\",\"breadcrumb\":{\"@id\":\"https:\\\/\\\/bestmoroccotravel.com\\\/es\\\/terminos-y-condiciones\\\/#breadcrumb\"},\"inLanguage\":\"en-US\",\"potentialAction\":[{\"@type\":\"ReadAction\",\"target\":[\"https:\\\/\\\/bestmoroccotravel.com\\\/es\\\/terminos-y-condiciones\\\/\"]}]},{\"@type\":\"ImageObject\",\"inLanguage\":\"en-US\",\"@id\":\"https:\\\/\\\/bestmoroccotravel.com\\\/es\\\/terminos-y-condiciones\\\/#primaryimage\",\"url\":\"https:\\\/\\\/bestmoroccotravel.com\\\/es\\\/wp-content\\\/uploads\\\/2024\\\/05\\\/IMG_2659-scaled.jpg\",\"contentUrl\":\"https:\\\/\\\/bestmoroccotravel.com\\\/es\\\/wp-content\\\/uploads\\\/2024\\\/05\\\/IMG_2659-scaled.jpg\",\"width\":2560,\"height\":1920},{\"@type\":\"BreadcrumbList\",\"@id\":\"https:\\\/\\\/bestmoroccotravel.com\\\/es\\\/terminos-y-condiciones\\\/#breadcrumb\",\"itemListElement\":[{\"@type\":\"ListItem\",\"position\":1,\"name\":\"Home\",\"item\":\"https:\\\/\\\/bestmoroccotravel.com\\\/es\\\/\"},{\"@type\":\"ListItem\",\"position\":2,\"name\":\"T\u00e9rminos y Condiciones\"}]},{\"@type\":\"WebSite\",\"@id\":\"https:\\\/\\\/bestmoroccotravel.com\\\/es\\\/#website\",\"url\":\"https:\\\/\\\/bestmoroccotravel.com\\\/es\\\/\",\"name\":\"Best Morocco Travel\",\"description\":\"Custom Morocco Tours\",\"publisher\":{\"@id\":\"https:\\\/\\\/bestmoroccotravel.com\\\/es\\\/#organization\"},\"potentialAction\":[{\"@type\":\"SearchAction\",\"target\":{\"@type\":\"EntryPoint\",\"urlTemplate\":\"https:\\\/\\\/bestmoroccotravel.com\\\/es\\\/?s={search_term_string}\"},\"query-input\":{\"@type\":\"PropertyValueSpecification\",\"valueRequired\":true,\"valueName\":\"search_term_string\"}}],\"inLanguage\":\"en-US\"},{\"@type\":\"Organization\",\"@id\":\"https:\\\/\\\/bestmoroccotravel.com\\\/es\\\/#organization\",\"name\":\"Best Morocco Travel\",\"url\":\"https:\\\/\\\/bestmoroccotravel.com\\\/es\\\/\",\"logo\":{\"@type\":\"ImageObject\",\"inLanguage\":\"en-US\",\"@id\":\"https:\\\/\\\/bestmoroccotravel.com\\\/es\\\/#\\\/schema\\\/logo\\\/image\\\/\",\"url\":\"https:\\\/\\\/bestmoroccotravel.com\\\/es\\\/wp-content\\\/uploads\\\/2024\\\/05\\\/LogoSiteBest.png\",\"contentUrl\":\"https:\\\/\\\/bestmoroccotravel.com\\\/es\\\/wp-content\\\/uploads\\\/2024\\\/05\\\/LogoSiteBest.png\",\"width\":300,\"height\":118,\"caption\":\"Best Morocco Travel\"},\"image\":{\"@id\":\"https:\\\/\\\/bestmoroccotravel.com\\\/es\\\/#\\\/schema\\\/logo\\\/image\\\/\"}}]}<\/script>\n<!-- \/ Yoast SEO plugin. -->","yoast_head_json":{"title":"T\u00e9rminos y Condiciones","description":"Read our Terms & Conditions Best Morocco Travel to understand the guidelines and policies governing the use of our services.","robots":{"index":"index","follow":"follow","max-snippet":"max-snippet:-1","max-image-preview":"max-image-preview:large","max-video-preview":"max-video-preview:-1"},"canonical":"https:\/\/bestmoroccotravel.com\/es\/terminos-y-condiciones\/","og_locale":"en_US","og_type":"article","og_title":"T\u00e9rminos y Condiciones","og_description":"Read our Terms & Conditions Best Morocco Travel to understand the guidelines and policies governing the use of our services.","og_url":"https:\/\/bestmoroccotravel.com\/es\/terminos-y-condiciones\/","og_site_name":"Best Morocco Travel","article_modified_time":"2024-09-21T14:35:49+00:00","og_image":[{"width":2560,"height":1920,"url":"https:\/\/bestmoroccotravel.com\/es\/wp-content\/uploads\/2024\/05\/IMG_2659-scaled.jpg","type":"image\/jpeg"}],"twitter_card":"summary_large_image","twitter_misc":{"Est. reading time":"2 minutes"},"schema":{"@context":"https:\/\/schema.org","@graph":[{"@type":"WebPage","@id":"https:\/\/bestmoroccotravel.com\/es\/terminos-y-condiciones\/","url":"https:\/\/bestmoroccotravel.com\/es\/terminos-y-condiciones\/","name":"T\u00e9rminos y Condiciones","isPartOf":{"@id":"https:\/\/bestmoroccotravel.com\/es\/#website"},"primaryImageOfPage":{"@id":"https:\/\/bestmoroccotravel.com\/es\/terminos-y-condiciones\/#primaryimage"},"image":{"@id":"https:\/\/bestmoroccotravel.com\/es\/terminos-y-condiciones\/#primaryimage"},"thumbnailUrl":"https:\/\/bestmoroccotravel.com\/es\/wp-content\/uploads\/2024\/05\/IMG_2659-scaled.jpg","datePublished":"2024-05-05T23:25:42+00:00","dateModified":"2024-09-21T14:35:49+00:00","description":"Read our Terms & Conditions Best Morocco Travel to understand the guidelines and policies governing the use of our services.","breadcrumb":{"@id":"https:\/\/bestmoroccotravel.com\/es\/terminos-y-condiciones\/#breadcrumb"},"inLanguage":"en-US","potentialAction":[{"@type":"ReadAction","target":["https:\/\/bestmoroccotravel.com\/es\/terminos-y-condiciones\/"]}]},{"@type":"ImageObject","inLanguage":"en-US","@id":"https:\/\/bestmoroccotravel.com\/es\/terminos-y-condiciones\/#primaryimage","url":"https:\/\/bestmoroccotravel.com\/es\/wp-content\/uploads\/2024\/05\/IMG_2659-scaled.jpg","contentUrl":"https:\/\/bestmoroccotravel.com\/es\/wp-content\/uploads\/2024\/05\/IMG_2659-scaled.jpg","width":2560,"height":1920},{"@type":"BreadcrumbList","@id":"https:\/\/bestmoroccotravel.com\/es\/terminos-y-condiciones\/#breadcrumb","itemListElement":[{"@type":"ListItem","position":1,"name":"Home","item":"https:\/\/bestmoroccotravel.com\/es\/"},{"@type":"ListItem","position":2,"name":"T\u00e9rminos y Condiciones"}]},{"@type":"WebSite","@id":"https:\/\/bestmoroccotravel.com\/es\/#website","url":"https:\/\/bestmoroccotravel.com\/es\/","name":"Best Morocco Travel","description":"Custom Morocco Tours","publisher":{"@id":"https:\/\/bestmoroccotravel.com\/es\/#organization"},"potentialAction":[{"@type":"SearchAction","target":{"@type":"EntryPoint","urlTemplate":"https:\/\/bestmoroccotravel.com\/es\/?s={search_term_string}"},"query-input":{"@type":"PropertyValueSpecification","valueRequired":true,"valueName":"search_term_string"}}],"inLanguage":"en-US"},{"@type":"Organization","@id":"https:\/\/bestmoroccotravel.com\/es\/#organization","name":"Best Morocco Travel","url":"https:\/\/bestmoroccotravel.com\/es\/","logo":{"@type":"ImageObject","inLanguage":"en-US","@id":"https:\/\/bestmoroccotravel.com\/es\/#\/schema\/logo\/image\/","url":"https:\/\/bestmoroccotravel.com\/es\/wp-content\/uploads\/2024\/05\/LogoSiteBest.png","contentUrl":"https:\/\/bestmoroccotravel.com\/es\/wp-content\/uploads\/2024\/05\/LogoSiteBest.png","width":300,"height":118,"caption":"Best Morocco Travel"},"image":{"@id":"https:\/\/bestmoroccotravel.com\/es\/#\/schema\/logo\/image\/"}}]}},"_links":{"self":[{"href":"https:\/\/bestmoroccotravel.com\/es\/wp-json\/wp\/v2\/pages\/5492","targetHints":{"allow":["GET"]}}],"collection":[{"href":"https:\/\/bestmoroccotravel.com\/es\/wp-json\/wp\/v2\/pages"}],"about":[{"href":"https:\/\/bestmoroccotravel.com\/es\/wp-json\/wp\/v2\/types\/page"}],"author":[{"embeddable":true,"href":"https:\/\/bestmoroccotravel.com\/es\/wp-json\/wp\/v2\/users\/1"}],"replies":[{"embeddable":true,"href":"https:\/\/bestmoroccotravel.com\/es\/wp-json\/wp\/v2\/comments?post=5492"}],"version-history":[{"count":90,"href":"https:\/\/bestmoroccotravel.com\/es\/wp-json\/wp\/v2\/pages\/5492\/revisions"}],"predecessor-version":[{"id":10579,"href":"https:\/\/bestmoroccotravel.com\/es\/wp-json\/wp\/v2\/pages\/5492\/revisions\/10579"}],"wp:featuredmedia":[{"embeddable":true,"href":"https:\/\/bestmoroccotravel.com\/es\/wp-json\/wp\/v2\/media\/5392"}],"wp:attachment":[{"href":"https:\/\/bestmoroccotravel.com\/es\/wp-json\/wp\/v2\/media?parent=5492"}],"curies":[{"name":"wp","href":"https:\/\/api.w.org\/{rel}","templated":true}]}}