{"id":5516,"date":"2024-05-06T00:12:34","date_gmt":"2024-05-06T00:12:34","guid":{"rendered":"https:\/\/bestmoroccotravel.com\/?page_id=5516"},"modified":"2024-09-21T14:30:53","modified_gmt":"2024-09-21T14:30:53","slug":"politica-de-privacidad","status":"publish","type":"page","link":"https:\/\/bestmoroccotravel.com\/es\/politica-de-privacidad\/","title":{"rendered":"Pol\u00edtica de Privacidad"},"content":{"rendered":"\t\t<div data-elementor-type=\"wp-page\" data-elementor-id=\"5516\" class=\"elementor elementor-5516\" data-elementor-post-type=\"page\">\n\t\t\t\t<div class=\"elementor-element elementor-element-f10c30c e-con-full e-flex e-con e-parent\" data-id=\"f10c30c\" data-element_type=\"container\" data-e-type=\"container\">\n\t\t<div class=\"elementor-element elementor-element-b75cc3b e-con-full e-flex e-con e-child\" data-id=\"b75cc3b\" data-element_type=\"container\" data-e-type=\"container\" data-settings=\"{&quot;background_background&quot;:&quot;classic&quot;}\">\n\t\t<div class=\"elementor-element elementor-element-d9390e9 e-flex e-con-boxed e-con e-child\" data-id=\"d9390e9\" data-element_type=\"container\" data-e-type=\"container\">\n\t\t\t\t\t<div class=\"e-con-inner\">\n\t\t\t\t<div class=\"elementor-element elementor-element-3550e0b elementor-widget elementor-widget-shortcode\" data-id=\"3550e0b\" data-element_type=\"widget\" data-e-type=\"widget\" data-widget_type=\"shortcode.default\">\n\t\t\t\t<div class=\"elementor-widget-container\">\n\t\t\t\t\t\t\t<div class=\"elementor-shortcode\"><\/div>\n\t\t\t\t\t\t<\/div>\n\t\t\t\t<\/div>\n\t\t\t\t<div class=\"elementor-element elementor-element-4e2a914 elementor-widget__width-initial elementor-widget-tablet__width-inherit elementor-widget elementor-widget-heading\" data-id=\"4e2a914\" data-element_type=\"widget\" data-e-type=\"widget\" data-widget_type=\"heading.default\">\n\t\t\t\t<div class=\"elementor-widget-container\">\n\t\t\t\t\t<h1 class=\"elementor-heading-title elementor-size-default\">Pol\u00edtica de Privacidad\n<\/h1>\t\t\t\t<\/div>\n\t\t\t\t<\/div>\n\t\t\t\t\t<\/div>\n\t\t\t\t<\/div>\n\t\t\t\t<\/div>\n\t\t\t\t<\/div>\n\t\t<div class=\"elementor-element elementor-element-6eb8598 e-flex e-con-boxed e-con e-parent\" data-id=\"6eb8598\" data-element_type=\"container\" data-e-type=\"container\">\n\t\t\t\t\t<div class=\"e-con-inner\">\n\t\t\t\t<div class=\"elementor-element elementor-element-4109717 elementor-widget elementor-widget-text-editor\" data-id=\"4109717\" data-element_type=\"widget\" data-e-type=\"widget\" data-widget_type=\"text-editor.default\">\n\t\t\t\t<div class=\"elementor-widget-container\">\n\t\t\t\t\t\t\t\t\t<h2><strong>Pol\u00edtica de Privacidad Best Morocco Travel<\/strong><\/h2><div class=\"elementor elementor-5516\" data-elementor-type=\"wp-page\" data-elementor-id=\"5516\" data-elementor-post-type=\"page\"><div class=\"elementor-element elementor-element-6eb8598 e-flex e-con-boxed e-con e-parent e-lazyloaded\" data-id=\"6eb8598\" data-element_type=\"container\"><div class=\"e-con-inner\"><div class=\"elementor-element elementor-element-4109717 elementor-widget elementor-widget-text-editor\" data-id=\"4109717\" data-element_type=\"widget\" data-widget_type=\"text-editor.default\"><div class=\"elementor-widget-container\"><p>En <strong>Best Morocco Travel<\/strong>, salvaguardar su privacidad es de suma importancia para nosotros. Esta Pol\u00edtica de Privacidad completa aclara nuestro enfoque para recopilar, utilizar, divulgar y salvaguardar su informaci\u00f3n personal.<\/p><h3><strong>Recopilaci\u00f3n de informaci\u00f3n: Pol\u00edtica de privacidad Best Travel Morocco<\/strong><\/h3><p>Recopilamos informaci\u00f3n personal proporcionada por usted al reservar un viaje o hacer una consulta a trav\u00e9s de nuestro sitio web o por tel\u00e9fono. Tambi\u00e9n nuestro <a href=\"https:\/\/bestmoroccotravel.com\/\" target=\"_blank\" rel=\"noopener\">Best Travel Morocco<\/a>. Esto puede incluir detalles como su nombre, direcci\u00f3n, direcci\u00f3n de correo electr\u00f3nico, n\u00famero de tel\u00e9fono, informaci\u00f3n del pasaporte y detalles de pago. Adem\u00e1s, cierta informaci\u00f3n se recopila autom\u00e1ticamente cuando utiliza nuestro sitio web, incluida su direcci\u00f3n IP, tipo de navegador y sistema operativo.<\/p><h4><strong>Utilizaci\u00f3n de su informaci\u00f3n:<\/strong><\/h4><p>Su informaci\u00f3n personal se emplea para:<br \/>&#8211; Facilitar y supervisar sus arreglos de viaje<br \/>&#8211; Correspondencia con usted con respecto a su viaje y servicios asociados<br \/>&#8211; Abordar sus consultas y solicitudes<br \/>&#8211; Mejorar nuestro sitio web y servicios<br \/>&#8211; Adherirse a las obligaciones legales y reglamentarias<\/p><p>Entonces no intercambiamos ni alquilamos su informaci\u00f3n personal a terceros.<\/p><p><strong>Divulgaci\u00f3n de informaci\u00f3n:<\/strong><\/p><p>En ciertos casos, podemos divulgar su informaci\u00f3n personal a proveedores de servicios externos de confianza que nos ayudan a prestar servicios relacionados con viajes, como aerol\u00edneas, hoteles, empresas de alquiler de coches y operadores tur\u00edsticos. Las divulgaciones adicionales pueden ocurrir a las autoridades policiales o gubernamentales si as\u00ed lo exige la ley a <a href=\"https:\/\/en.wikipedia.org\/wiki\/Morocco\" target=\"_blank\" rel=\"noopener\">Marruecos<\/a>.<\/p><h5><strong>Sus derechos:<\/strong><\/h5><p>Usted posee el derecho de acceder, rectificar y borrar su informaci\u00f3n personal. Adem\u00e1s, y puede optar por no recibir nuestras comunicaciones de marketing en cualquier momento.<\/p><h5><strong>Seguridad:<\/strong><\/h5><p>Nuestro compromiso de salvaguardar su informaci\u00f3n personal se refleja en la implementaci\u00f3n de medidas razonables para evitar el acceso no autorizado, la divulgaci\u00f3n o el mal uso. Es importante tener en cuenta que, si bien empleamos protocolos de seguridad s\u00f3lidos, no se puede garantizar que ninguna transmisi\u00f3n de datos a trav\u00e9s de Internet o sistema de almacenamiento sea completamente impermeable, logrando un estado 100% seguro.<\/p><h5><strong>Cambios en esta Pol\u00edtica de Privacidad:<\/strong><\/h5><p>Peri\u00f3dicamente, podemos revisar esta Pol\u00edtica de Privacidad para alinearla con las necesidades cambiantes. Cualquier alteraci\u00f3n sustancial se le comunicar\u00e1 a trav\u00e9s de un aviso publicado en nuestro sitio web o por correo electr\u00f3nico.<\/p><h5><strong>Contacto:<\/strong><\/h5><p>Si tiene alguna pregunta o inquietud sobre nuestra Pol\u00edtica de Privacidad o el uso de su informaci\u00f3n personal, no dude en ponerse en contacto con nosotros en athello<a href=\"mailto:hello@bestmoroccotravel.com\">@bestmoroccotravel.com.<\/a> Estamos aqu\u00ed para responder a sus preguntas y garantizar su tranquilidad.<\/p><\/div><\/div><\/div><\/div><\/div>\t\t\t\t\t\t\t\t<\/div>\n\t\t\t\t<\/div>\n\t\t\t\t\t<\/div>\n\t\t\t\t<\/div>\n\t\t\t\t<\/div>\n\t\t","protected":false},"excerpt":{"rendered":"<p>Pol\u00edtica de Privacidad Pol\u00edtica de Privacidad Best Morocco Travel En Best Morocco Travel, salvaguardar su privacidad es de suma importancia para nosotros. Esta Pol\u00edtica de Privacidad completa aclara nuestro enfoque para recopilar, utilizar, divulgar y salvaguardar su informaci\u00f3n personal. Recopilaci\u00f3n de informaci\u00f3n: Pol\u00edtica de privacidad Best Travel Morocco Recopilamos informaci\u00f3n personal proporcionada por usted al [&hellip;]<\/p>\n","protected":false},"author":1,"featured_media":5392,"parent":0,"menu_order":0,"comment_status":"closed","ping_status":"closed","template":"elementor_header_footer","meta":{"footnotes":""},"class_list":["post-5516","page","type-page","status-publish","has-post-thumbnail","hentry"],"blocksy_meta":[],"yoast_head":"<!-- This site is optimized with the Yoast SEO plugin v27.5 - https:\/\/yoast.com\/product\/yoast-seo-wordpress\/ -->\n<title>Pol\u00edtica de Privacidad<\/title>\n<meta name=\"description\" content=\"Learn about the privacy practices of Best Morocco Travel. Our Privacy Policy Best Morocco Travel explains how we collect ,use ,and protect\" \/>\n<meta name=\"robots\" content=\"index, follow, max-snippet:-1, max-image-preview:large, max-video-preview:-1\" \/>\n<link rel=\"canonical\" href=\"https:\/\/bestmoroccotravel.com\/es\/politica-de-privacidad\/\" \/>\n<meta property=\"og:locale\" content=\"en_US\" \/>\n<meta property=\"og:type\" content=\"article\" \/>\n<meta property=\"og:title\" content=\"Pol\u00edtica de Privacidad\" \/>\n<meta property=\"og:description\" content=\"Learn about the privacy practices of Best Morocco Travel. Our Privacy Policy Best Morocco Travel explains how we collect ,use ,and protect\" \/>\n<meta property=\"og:url\" content=\"https:\/\/bestmoroccotravel.com\/es\/politica-de-privacidad\/\" \/>\n<meta property=\"og:site_name\" content=\"Best Morocco Travel\" \/>\n<meta property=\"article:modified_time\" content=\"2024-09-21T14:30:53+00:00\" \/>\n<meta property=\"og:image\" content=\"https:\/\/bestmoroccotravel.com\/es\/wp-content\/uploads\/2024\/05\/IMG_2659-scaled.jpg\" \/>\n\t<meta property=\"og:image:width\" content=\"2560\" \/>\n\t<meta property=\"og:image:height\" content=\"1920\" \/>\n\t<meta property=\"og:image:type\" content=\"image\/jpeg\" \/>\n<meta name=\"twitter:card\" content=\"summary_large_image\" \/>\n<meta name=\"twitter:label1\" content=\"Est. reading time\" \/>\n\t<meta name=\"twitter:data1\" content=\"2 minutes\" \/>\n<script type=\"application\/ld+json\" class=\"yoast-schema-graph\">{\"@context\":\"https:\\\/\\\/schema.org\",\"@graph\":[{\"@type\":\"WebPage\",\"@id\":\"https:\\\/\\\/bestmoroccotravel.com\\\/es\\\/politica-de-privacidad\\\/\",\"url\":\"https:\\\/\\\/bestmoroccotravel.com\\\/es\\\/politica-de-privacidad\\\/\",\"name\":\"Pol\u00edtica de Privacidad\",\"isPartOf\":{\"@id\":\"https:\\\/\\\/bestmoroccotravel.com\\\/es\\\/#website\"},\"primaryImageOfPage\":{\"@id\":\"https:\\\/\\\/bestmoroccotravel.com\\\/es\\\/politica-de-privacidad\\\/#primaryimage\"},\"image\":{\"@id\":\"https:\\\/\\\/bestmoroccotravel.com\\\/es\\\/politica-de-privacidad\\\/#primaryimage\"},\"thumbnailUrl\":\"https:\\\/\\\/bestmoroccotravel.com\\\/es\\\/wp-content\\\/uploads\\\/2024\\\/05\\\/IMG_2659-scaled.jpg\",\"datePublished\":\"2024-05-06T00:12:34+00:00\",\"dateModified\":\"2024-09-21T14:30:53+00:00\",\"description\":\"Learn about the privacy practices of Best Morocco Travel. Our Privacy Policy Best Morocco Travel explains how we collect ,use ,and protect\",\"breadcrumb\":{\"@id\":\"https:\\\/\\\/bestmoroccotravel.com\\\/es\\\/politica-de-privacidad\\\/#breadcrumb\"},\"inLanguage\":\"en-US\",\"potentialAction\":[{\"@type\":\"ReadAction\",\"target\":[\"https:\\\/\\\/bestmoroccotravel.com\\\/es\\\/politica-de-privacidad\\\/\"]}]},{\"@type\":\"ImageObject\",\"inLanguage\":\"en-US\",\"@id\":\"https:\\\/\\\/bestmoroccotravel.com\\\/es\\\/politica-de-privacidad\\\/#primaryimage\",\"url\":\"https:\\\/\\\/bestmoroccotravel.com\\\/es\\\/wp-content\\\/uploads\\\/2024\\\/05\\\/IMG_2659-scaled.jpg\",\"contentUrl\":\"https:\\\/\\\/bestmoroccotravel.com\\\/es\\\/wp-content\\\/uploads\\\/2024\\\/05\\\/IMG_2659-scaled.jpg\",\"width\":2560,\"height\":1920},{\"@type\":\"BreadcrumbList\",\"@id\":\"https:\\\/\\\/bestmoroccotravel.com\\\/es\\\/politica-de-privacidad\\\/#breadcrumb\",\"itemListElement\":[{\"@type\":\"ListItem\",\"position\":1,\"name\":\"Home\",\"item\":\"https:\\\/\\\/bestmoroccotravel.com\\\/es\\\/\"},{\"@type\":\"ListItem\",\"position\":2,\"name\":\"Pol\u00edtica de Privacidad\"}]},{\"@type\":\"WebSite\",\"@id\":\"https:\\\/\\\/bestmoroccotravel.com\\\/es\\\/#website\",\"url\":\"https:\\\/\\\/bestmoroccotravel.com\\\/es\\\/\",\"name\":\"Best Morocco Travel\",\"description\":\"Custom Morocco Tours\",\"publisher\":{\"@id\":\"https:\\\/\\\/bestmoroccotravel.com\\\/es\\\/#organization\"},\"potentialAction\":[{\"@type\":\"SearchAction\",\"target\":{\"@type\":\"EntryPoint\",\"urlTemplate\":\"https:\\\/\\\/bestmoroccotravel.com\\\/es\\\/?s={search_term_string}\"},\"query-input\":{\"@type\":\"PropertyValueSpecification\",\"valueRequired\":true,\"valueName\":\"search_term_string\"}}],\"inLanguage\":\"en-US\"},{\"@type\":\"Organization\",\"@id\":\"https:\\\/\\\/bestmoroccotravel.com\\\/es\\\/#organization\",\"name\":\"Best Morocco Travel\",\"url\":\"https:\\\/\\\/bestmoroccotravel.com\\\/es\\\/\",\"logo\":{\"@type\":\"ImageObject\",\"inLanguage\":\"en-US\",\"@id\":\"https:\\\/\\\/bestmoroccotravel.com\\\/es\\\/#\\\/schema\\\/logo\\\/image\\\/\",\"url\":\"https:\\\/\\\/bestmoroccotravel.com\\\/es\\\/wp-content\\\/uploads\\\/2024\\\/05\\\/LogoSiteBest.png\",\"contentUrl\":\"https:\\\/\\\/bestmoroccotravel.com\\\/es\\\/wp-content\\\/uploads\\\/2024\\\/05\\\/LogoSiteBest.png\",\"width\":300,\"height\":118,\"caption\":\"Best Morocco Travel\"},\"image\":{\"@id\":\"https:\\\/\\\/bestmoroccotravel.com\\\/es\\\/#\\\/schema\\\/logo\\\/image\\\/\"}}]}<\/script>\n<!-- \/ Yoast SEO plugin. -->","yoast_head_json":{"title":"Pol\u00edtica de Privacidad","description":"Learn about the privacy practices of Best Morocco Travel. Our Privacy Policy Best Morocco Travel explains how we collect ,use ,and protect","robots":{"index":"index","follow":"follow","max-snippet":"max-snippet:-1","max-image-preview":"max-image-preview:large","max-video-preview":"max-video-preview:-1"},"canonical":"https:\/\/bestmoroccotravel.com\/es\/politica-de-privacidad\/","og_locale":"en_US","og_type":"article","og_title":"Pol\u00edtica de Privacidad","og_description":"Learn about the privacy practices of Best Morocco Travel. Our Privacy Policy Best Morocco Travel explains how we collect ,use ,and protect","og_url":"https:\/\/bestmoroccotravel.com\/es\/politica-de-privacidad\/","og_site_name":"Best Morocco Travel","article_modified_time":"2024-09-21T14:30:53+00:00","og_image":[{"width":2560,"height":1920,"url":"https:\/\/bestmoroccotravel.com\/es\/wp-content\/uploads\/2024\/05\/IMG_2659-scaled.jpg","type":"image\/jpeg"}],"twitter_card":"summary_large_image","twitter_misc":{"Est. reading time":"2 minutes"},"schema":{"@context":"https:\/\/schema.org","@graph":[{"@type":"WebPage","@id":"https:\/\/bestmoroccotravel.com\/es\/politica-de-privacidad\/","url":"https:\/\/bestmoroccotravel.com\/es\/politica-de-privacidad\/","name":"Pol\u00edtica de Privacidad","isPartOf":{"@id":"https:\/\/bestmoroccotravel.com\/es\/#website"},"primaryImageOfPage":{"@id":"https:\/\/bestmoroccotravel.com\/es\/politica-de-privacidad\/#primaryimage"},"image":{"@id":"https:\/\/bestmoroccotravel.com\/es\/politica-de-privacidad\/#primaryimage"},"thumbnailUrl":"https:\/\/bestmoroccotravel.com\/es\/wp-content\/uploads\/2024\/05\/IMG_2659-scaled.jpg","datePublished":"2024-05-06T00:12:34+00:00","dateModified":"2024-09-21T14:30:53+00:00","description":"Learn about the privacy practices of Best Morocco Travel. Our Privacy Policy Best Morocco Travel explains how we collect ,use ,and protect","breadcrumb":{"@id":"https:\/\/bestmoroccotravel.com\/es\/politica-de-privacidad\/#breadcrumb"},"inLanguage":"en-US","potentialAction":[{"@type":"ReadAction","target":["https:\/\/bestmoroccotravel.com\/es\/politica-de-privacidad\/"]}]},{"@type":"ImageObject","inLanguage":"en-US","@id":"https:\/\/bestmoroccotravel.com\/es\/politica-de-privacidad\/#primaryimage","url":"https:\/\/bestmoroccotravel.com\/es\/wp-content\/uploads\/2024\/05\/IMG_2659-scaled.jpg","contentUrl":"https:\/\/bestmoroccotravel.com\/es\/wp-content\/uploads\/2024\/05\/IMG_2659-scaled.jpg","width":2560,"height":1920},{"@type":"BreadcrumbList","@id":"https:\/\/bestmoroccotravel.com\/es\/politica-de-privacidad\/#breadcrumb","itemListElement":[{"@type":"ListItem","position":1,"name":"Home","item":"https:\/\/bestmoroccotravel.com\/es\/"},{"@type":"ListItem","position":2,"name":"Pol\u00edtica de Privacidad"}]},{"@type":"WebSite","@id":"https:\/\/bestmoroccotravel.com\/es\/#website","url":"https:\/\/bestmoroccotravel.com\/es\/","name":"Best Morocco Travel","description":"Custom Morocco Tours","publisher":{"@id":"https:\/\/bestmoroccotravel.com\/es\/#organization"},"potentialAction":[{"@type":"SearchAction","target":{"@type":"EntryPoint","urlTemplate":"https:\/\/bestmoroccotravel.com\/es\/?s={search_term_string}"},"query-input":{"@type":"PropertyValueSpecification","valueRequired":true,"valueName":"search_term_string"}}],"inLanguage":"en-US"},{"@type":"Organization","@id":"https:\/\/bestmoroccotravel.com\/es\/#organization","name":"Best Morocco Travel","url":"https:\/\/bestmoroccotravel.com\/es\/","logo":{"@type":"ImageObject","inLanguage":"en-US","@id":"https:\/\/bestmoroccotravel.com\/es\/#\/schema\/logo\/image\/","url":"https:\/\/bestmoroccotravel.com\/es\/wp-content\/uploads\/2024\/05\/LogoSiteBest.png","contentUrl":"https:\/\/bestmoroccotravel.com\/es\/wp-content\/uploads\/2024\/05\/LogoSiteBest.png","width":300,"height":118,"caption":"Best Morocco Travel"},"image":{"@id":"https:\/\/bestmoroccotravel.com\/es\/#\/schema\/logo\/image\/"}}]}},"_links":{"self":[{"href":"https:\/\/bestmoroccotravel.com\/es\/wp-json\/wp\/v2\/pages\/5516","targetHints":{"allow":["GET"]}}],"collection":[{"href":"https:\/\/bestmoroccotravel.com\/es\/wp-json\/wp\/v2\/pages"}],"about":[{"href":"https:\/\/bestmoroccotravel.com\/es\/wp-json\/wp\/v2\/types\/page"}],"author":[{"embeddable":true,"href":"https:\/\/bestmoroccotravel.com\/es\/wp-json\/wp\/v2\/users\/1"}],"replies":[{"embeddable":true,"href":"https:\/\/bestmoroccotravel.com\/es\/wp-json\/wp\/v2\/comments?post=5516"}],"version-history":[{"count":48,"href":"https:\/\/bestmoroccotravel.com\/es\/wp-json\/wp\/v2\/pages\/5516\/revisions"}],"predecessor-version":[{"id":10574,"href":"https:\/\/bestmoroccotravel.com\/es\/wp-json\/wp\/v2\/pages\/5516\/revisions\/10574"}],"wp:featuredmedia":[{"embeddable":true,"href":"https:\/\/bestmoroccotravel.com\/es\/wp-json\/wp\/v2\/media\/5392"}],"wp:attachment":[{"href":"https:\/\/bestmoroccotravel.com\/es\/wp-json\/wp\/v2\/media?parent=5516"}],"curies":[{"name":"wp","href":"https:\/\/api.w.org\/{rel}","templated":true}]}}